{"id":4368,"date":"2026-02-08T19:59:48","date_gmt":"2026-02-08T19:59:48","guid":{"rendered":"https:\/\/zvb-obertshausen.de\/start\/?page_id=4368"},"modified":"2026-02-08T20:00:12","modified_gmt":"2026-02-08T20:00:12","slug":"kursanmeldung-kinderkurse","status":"publish","type":"page","link":"https:\/\/zvb-obertshausen.de\/start\/kursanmeldung-kinderkurse\/","title":{"rendered":"Kursanmeldung Kinderkurse"},"content":{"rendered":"\t\t<div data-elementor-type=\"wp-page\" data-elementor-id=\"4368\" class=\"elementor elementor-4368\">\n\t\t\t\t\t\t<section class=\"elementor-section elementor-top-section elementor-element elementor-element-e941ece elementor-section-boxed elementor-section-height-default elementor-section-height-default\" data-id=\"e941ece\" data-element_type=\"section\" data-e-type=\"section\" data-settings=\"{&quot;background_background&quot;:&quot;classic&quot;}\">\n\t\t\t\t\t\t\t<div class=\"elementor-background-overlay\"><\/div>\n\t\t\t\t\t\t\t<div class=\"elementor-container elementor-column-gap-no\">\n\t\t\t\t\t<div class=\"elementor-column elementor-col-100 elementor-top-column elementor-element elementor-element-3fe0b8f\" data-id=\"3fe0b8f\" data-element_type=\"column\" data-e-type=\"column\" data-settings=\"{&quot;background_background&quot;:&quot;classic&quot;}\">\n\t\t\t<div class=\"elementor-widget-wrap elementor-element-populated\">\n\t\t\t\t\t<div class=\"elementor-background-overlay\"><\/div>\n\t\t\t\t\t\t<div class=\"elementor-element elementor-element-60f4a16 elementor-widget__width-initial elementor-widget elementor-widget-heading\" data-id=\"60f4a16\" data-element_type=\"widget\" data-e-type=\"widget\" data-widget_type=\"heading.default\">\n\t\t\t\t<div class=\"elementor-widget-container\">\n\t\t\t\t\t<h1 class=\"elementor-heading-title elementor-size-default\">Kursanmeldung<\/h1>\t\t\t\t<\/div>\n\t\t\t\t<\/div>\n\t\t\t\t<div class=\"elementor-element elementor-element-19a121d elementor-widget-divider--view-line elementor-widget elementor-widget-divider\" data-id=\"19a121d\" data-element_type=\"widget\" data-e-type=\"widget\" data-widget_type=\"divider.default\">\n\t\t\t\t<div class=\"elementor-widget-container\">\n\t\t\t\t\t\t\t<div class=\"elementor-divider\">\n\t\t\t<span class=\"elementor-divider-separator\">\n\t\t\t\t\t\t<\/span>\n\t\t<\/div>\n\t\t\t\t\t\t<\/div>\n\t\t\t\t<\/div>\n\t\t\t\t<div class=\"elementor-element elementor-element-144a229 elementor-widget elementor-widget-text-editor\" data-id=\"144a229\" data-element_type=\"widget\" data-e-type=\"widget\" data-widget_type=\"text-editor.default\">\n\t\t\t\t<div class=\"elementor-widget-container\">\n\t\t\t\t\t\t\t\t\t<p>Bitte lesen Sie sich vor Ihrer Anmeldung unsere<br \/><a href=\"https:\/\/zvb-obertshausen.de\/start\/lehrgangsbedingungen\/\">allgemeinen Lehrgangsbedingungen<\/a><span style=\"font-style: inherit; font-weight: inherit; font-family: var(--bs-body-font-family);\"> durch.<\/span><\/p>\t\t\t\t\t\t\t\t<\/div>\n\t\t\t\t<\/div>\n\t\t\t\t<div class=\"elementor-element elementor-element-1911c2f elementor-widget elementor-widget-wpforms\" data-id=\"1911c2f\" data-element_type=\"widget\" data-e-type=\"widget\" data-widget_type=\"wpforms.default\">\n\t\t\t\t<div class=\"elementor-widget-container\">\n\t\t\t\t\t<div class=\"wpforms-container \" id=\"wpforms-4358\"><form id=\"wpforms-form-4358\" class=\"wpforms-validate wpforms-form wpforms-ajax-form\" data-formid=\"4358\" method=\"post\" enctype=\"multipart\/form-data\" action=\"\/start\/wp-json\/wp\/v2\/pages\/4368\" data-token=\"a6f7f2af730e8f9fc1225c9eef4c9218\" data-token-time=\"1776183574\"><noscript class=\"wpforms-error-noscript\">Bitte aktiviere JavaScript in deinem Browser, um dieses Formular fertigzustellen.<\/noscript><div class=\"wpforms-field-container\"><div id=\"wpforms-4358-field_1-container\" class=\"wpforms-field wpforms-field-name\" data-field-id=\"1\"><label class=\"wpforms-field-label\">Name Kind <span class=\"wpforms-required-label\">*<\/span><\/label><div class=\"wpforms-field-row wpforms-field-large\"><div class=\"wpforms-field-row-block wpforms-first wpforms-one-half\"><input type=\"text\" id=\"wpforms-4358-field_1\" class=\"wpforms-field-name-first wpforms-field-required\" name=\"wpforms[fields][1][first]\" required><label for=\"wpforms-4358-field_1\" class=\"wpforms-field-sublabel after\">Vorname<\/label><\/div><div class=\"wpforms-field-row-block wpforms-one-half\"><input type=\"text\" id=\"wpforms-4358-field_1-last\" class=\"wpforms-field-name-last wpforms-field-required\" name=\"wpforms[fields][1][last]\" required><label for=\"wpforms-4358-field_1-last\" class=\"wpforms-field-sublabel after\">Nachname<\/label><\/div><\/div><\/div><div id=\"wpforms-4358-field_19-container\" class=\"wpforms-field wpforms-field-number\" data-field-id=\"19\"><label class=\"wpforms-field-label\" for=\"wpforms-4358-field_19\">Alter Kind <span class=\"wpforms-required-label\">*<\/span><\/label><input type=\"number\" id=\"wpforms-4358-field_19\" class=\"wpforms-field-medium wpforms-field-required\" name=\"wpforms[fields][19]\" step=\"any\" required><\/div><div id=\"wpforms-4358-field_20-container\" class=\"wpforms-field wpforms-field-name\" data-field-id=\"20\"><label class=\"wpforms-field-label\">Name Erziehungsberechtigte\/r <span class=\"wpforms-required-label\">*<\/span><\/label><div class=\"wpforms-field-row wpforms-field-medium\"><div class=\"wpforms-field-row-block wpforms-first wpforms-one-half\"><input type=\"text\" id=\"wpforms-4358-field_20\" class=\"wpforms-field-name-first wpforms-field-required\" name=\"wpforms[fields][20][first]\" required><label for=\"wpforms-4358-field_20\" class=\"wpforms-field-sublabel after\">Vorname<\/label><\/div><div class=\"wpforms-field-row-block wpforms-one-half\"><input type=\"text\" id=\"wpforms-4358-field_20-last\" class=\"wpforms-field-name-last wpforms-field-required\" name=\"wpforms[fields][20][last]\" required><label for=\"wpforms-4358-field_20-last\" class=\"wpforms-field-sublabel after\">Nachname<\/label><\/div><\/div><\/div><div id=\"wpforms-4358-field_2-container\" class=\"wpforms-field wpforms-field-email\" data-field-id=\"2\"><label class=\"wpforms-field-label\" for=\"wpforms-4358-field_2\">Email <span class=\"wpforms-required-label\">*<\/span><\/label><input type=\"email\" id=\"wpforms-4358-field_2\" class=\"wpforms-field-large wpforms-field-required\" name=\"wpforms[fields][2]\" spellcheck=\"false\" required><\/div><div id=\"wpforms-4358-field_15-container\" class=\"wpforms-field wpforms-field-number\" data-field-id=\"15\"><label class=\"wpforms-field-label\" for=\"wpforms-4358-field_15\">Telefonnr. <span class=\"wpforms-required-label\">*<\/span><\/label><input type=\"number\" id=\"wpforms-4358-field_15\" class=\"wpforms-field-large wpforms-field-required\" name=\"wpforms[fields][15]\" step=\"any\" required><\/div><div id=\"wpforms-4358-field_12-container\" class=\"wpforms-field wpforms-field-text\" data-field-id=\"12\"><label class=\"wpforms-field-label\" for=\"wpforms-4358-field_12\">Stra\u00dfe, Nr. <span class=\"wpforms-required-label\">*<\/span><\/label><input type=\"text\" id=\"wpforms-4358-field_12\" class=\"wpforms-field-large wpforms-field-required\" name=\"wpforms[fields][12]\" required><\/div><div id=\"wpforms-4358-field_18-container\" class=\"wpforms-field wpforms-field-number\" data-field-id=\"18\"><label class=\"wpforms-field-label\" for=\"wpforms-4358-field_18\">Postleitzahl <span class=\"wpforms-required-label\">*<\/span><\/label><input type=\"number\" id=\"wpforms-4358-field_18\" class=\"wpforms-field-small wpforms-field-required\" name=\"wpforms[fields][18]\" step=\"any\" required><\/div><div id=\"wpforms-4358-field_14-container\" class=\"wpforms-field wpforms-field-text\" data-field-id=\"14\"><label class=\"wpforms-field-label\" for=\"wpforms-4358-field_14\">Stadt <span class=\"wpforms-required-label\">*<\/span><\/label><input type=\"text\" id=\"wpforms-4358-field_14\" class=\"wpforms-field-large wpforms-field-required\" name=\"wpforms[fields][14]\" required><\/div><div id=\"wpforms-4358-field_8-container\" class=\"wpforms-field wpforms-field-select wpforms-field-select-style-modern\" data-field-id=\"8\"><label class=\"wpforms-field-label\" for=\"wpforms-4358-field_8\">Kurs <span class=\"wpforms-required-label\">*<\/span><\/label><select id=\"wpforms-4358-field_8\" class=\"wpforms-field-large wpforms-field-required choicesjs-select\" data-size-class=\"wpforms-field-row wpforms-field-large\" data-search-enabled=\"\" name=\"wpforms[fields][8][]\" required=\"required\" multiple=\"multiple\"><option value=\"\" class=\"placeholder\" disabled >Bitte w\u00e4hlen Sie hier Ihren Kurs aus...<\/option><option value=\"#5.04.04 A | 10-Finger-Tastschreiben, Grundkurs f\u00fcr Sch\u00fcler ab 10 Jahren (montags)\"  class=\"choice-1 depth-1\"  >#5.04.04 A | 10-Finger-Tastschreiben, Grundkurs f\u00fcr Sch\u00fcler ab 10 Jahren (montags)<\/option><option value=\"#5.04.04 B | 10-Finger-Tastschreiben, Grundkurs f\u00fcr Sch\u00fcler ab 10 Jahren (donnerstags)\"  class=\"choice-55 depth-1\"  >#5.04.04 B | 10-Finger-Tastschreiben, Grundkurs f\u00fcr Sch\u00fcler ab 10 Jahren (donnerstags)<\/option><option value=\"#5.04.14 | Kinder-Schreibwerkstatt ab dem 2. Schuljahr\"  class=\"choice-45 depth-1\"  >#5.04.14 | Kinder-Schreibwerkstatt ab dem 2. Schuljahr<\/option><option value=\"#5.04.12 B | Grundkurs MS Word ab 12 Jahre\"  class=\"choice-57 depth-1\"  >#5.04.12 B | Grundkurs MS Word ab 12 Jahre<\/option><\/select><\/div><div id=\"wpforms-4358-field_6-container\" class=\"wpforms-field wpforms-field-textarea\" data-field-id=\"6\"><label class=\"wpforms-field-label\" for=\"wpforms-4358-field_6\">Fragen oder Kommentare<\/label><textarea id=\"wpforms-4358-field_6\" class=\"wpforms-field-medium\" name=\"wpforms[fields][6]\" ><\/textarea><\/div><\/div><!-- .wpforms-field-container --><div class=\"wpforms-submit-container\" ><input type=\"hidden\" name=\"wpforms[id]\" value=\"4358\"><input type=\"hidden\" name=\"page_title\" value=\"\"><input type=\"hidden\" name=\"page_url\" value=\"https:\/\/zvb-obertshausen.de\/start\/wp-json\/wp\/v2\/pages\/4368\"><input type=\"hidden\" name=\"url_referer\" value=\"\"><button type=\"submit\" name=\"wpforms[submit]\" id=\"wpforms-submit-4358\" class=\"wpforms-submit\" data-alt-text=\"Senden...\" data-submit-text=\"Anmelden\" aria-live=\"assertive\" value=\"wpforms-submit\">Anmelden<\/button><img decoding=\"async\" src=\"https:\/\/zvb-obertshausen.de\/wp-content\/plugins\/wpforms-lite\/assets\/images\/submit-spin.svg\" class=\"wpforms-submit-spinner\" style=\"display: none;\" width=\"26\" height=\"26\" alt=\"Wird geladen\"><\/div><\/form><\/div>  <!-- .wpforms-container -->\t\t\t\t<\/div>\n\t\t\t\t<\/div>\n\t\t\t\t\t<\/div>\n\t\t<\/div>\n\t\t\t\t\t<\/div>\n\t\t<\/section>\n\t\t\t\t<\/div>\n\t\t","protected":false},"excerpt":{"rendered":"<p>Kursanmeldung Bitte lesen Sie sich vor Ihrer Anmeldung unsereallgemeinen Lehrgangsbedingungen durch. Bitte aktiviere JavaScript in deinem Browser, um dieses Formular fertigzustellen.Name Kind *VornameNachnameAlter Kind *Name Erziehungsberechtigte\/r *VornameNachnameEmail *Telefonnr. *Stra\u00dfe, Nr. *Postleitzahl *Stadt *Kurs *Bitte w\u00e4hlen Sie hier Ihren Kurs aus&#8230;#5.04.04 A | 10-Finger-Tastschreiben, Grundkurs f\u00fcr Sch\u00fcler ab 10 Jahren (montags)#5.04.04 B | 10-Finger-Tastschreiben, Grundkurs f\u00fcr [&hellip;]<\/p>\n","protected":false},"author":1,"featured_media":0,"parent":0,"menu_order":0,"comment_status":"closed","ping_status":"closed","template":"","meta":{"_uag_custom_page_level_css":"","site-sidebar-layout":"no-sidebar","site-content-layout":"page-builder","ast-site-content-layout":"full-width-container","site-content-style":"unboxed","site-sidebar-style":"default","ast-global-header-display":"","ast-banner-title-visibility":"","ast-main-header-display":"","ast-hfb-above-header-display":"","ast-hfb-below-header-display":"","ast-hfb-mobile-header-display":"","site-post-title":"disabled","ast-breadcrumbs-content":"","ast-featured-img":"disabled","footer-sml-layout":"","ast-disable-related-posts":"","theme-transparent-header-meta":"enabled","adv-header-id-meta":"","stick-header-meta":"","header-above-stick-meta":"","header-main-stick-meta":"","header-below-stick-meta":"","astra-migrate-meta-layouts":"set","ast-page-background-enabled":"default","ast-page-background-meta":{"desktop":{"background-color":"","background-image":"","background-repeat":"repeat","background-position":"center center","background-size":"auto","background-attachment":"scroll","background-type":"","background-media":"","overlay-type":"","overlay-color":"","overlay-opacity":"","overlay-gradient":""},"tablet":{"background-color":"","background-image":"","background-repeat":"repeat","background-position":"center center","background-size":"auto","background-attachment":"scroll","background-type":"","background-media":"","overlay-type":"","overlay-color":"","overlay-opacity":"","overlay-gradient":""},"mobile":{"background-color":"","background-image":"","background-repeat":"repeat","background-position":"center center","background-size":"auto","background-attachment":"scroll","background-type":"","background-media":"","overlay-type":"","overlay-color":"","overlay-opacity":"","overlay-gradient":""}},"ast-content-background-meta":{"desktop":{"background-color":"var(--ast-global-color-5)","background-image":"","background-repeat":"repeat","background-position":"center center","background-size":"auto","background-attachment":"scroll","background-type":"","background-media":"","overlay-type":"","overlay-color":"","overlay-opacity":"","overlay-gradient":""},"tablet":{"background-color":"var(--ast-global-color-5)","background-image":"","background-repeat":"repeat","background-position":"center center","background-size":"auto","background-attachment":"scroll","background-type":"","background-media":"","overlay-type":"","overlay-color":"","overlay-opacity":"","overlay-gradient":""},"mobile":{"background-color":"var(--ast-global-color-5)","background-image":"","background-repeat":"repeat","background-position":"center center","background-size":"auto","background-attachment":"scroll","background-type":"","background-media":"","overlay-type":"","overlay-color":"","overlay-opacity":"","overlay-gradient":""}},"footnotes":""},"class_list":["post-4368","page","type-page","status-publish","hentry"],"uagb_featured_image_src":{"full":false,"thumbnail":false,"medium":false,"medium_large":false,"large":false,"1536x1536":false,"2048x2048":false,"slider-bg":false,"card-grid":false,"card-list":false},"uagb_author_info":{"display_name":"admin","author_link":"https:\/\/zvb-obertshausen.de\/start\/author\/admin\/"},"uagb_comment_info":0,"uagb_excerpt":"Kursanmeldung Bitte lesen Sie sich vor Ihrer Anmeldung unsereallgemeinen Lehrgangsbedingungen durch. Bitte aktiviere JavaScript in deinem Browser, um dieses Formular fertigzustellen.Name Kind *VornameNachnameAlter Kind *Name Erziehungsberechtigte\/r *VornameNachnameEmail *Telefonnr. *Stra\u00dfe, Nr. *Postleitzahl *Stadt *Kurs *Bitte w\u00e4hlen Sie hier Ihren Kurs aus&#8230;#5.04.04 A | 10-Finger-Tastschreiben, Grundkurs f\u00fcr Sch\u00fcler ab 10 Jahren (montags)#5.04.04 B | 10-Finger-Tastschreiben, Grundkurs f\u00fcr&hellip;","_links":{"self":[{"href":"https:\/\/zvb-obertshausen.de\/start\/wp-json\/wp\/v2\/pages\/4368","targetHints":{"allow":["GET"]}}],"collection":[{"href":"https:\/\/zvb-obertshausen.de\/start\/wp-json\/wp\/v2\/pages"}],"about":[{"href":"https:\/\/zvb-obertshausen.de\/start\/wp-json\/wp\/v2\/types\/page"}],"author":[{"embeddable":true,"href":"https:\/\/zvb-obertshausen.de\/start\/wp-json\/wp\/v2\/users\/1"}],"replies":[{"embeddable":true,"href":"https:\/\/zvb-obertshausen.de\/start\/wp-json\/wp\/v2\/comments?post=4368"}],"version-history":[{"count":7,"href":"https:\/\/zvb-obertshausen.de\/start\/wp-json\/wp\/v2\/pages\/4368\/revisions"}],"predecessor-version":[{"id":4375,"href":"https:\/\/zvb-obertshausen.de\/start\/wp-json\/wp\/v2\/pages\/4368\/revisions\/4375"}],"wp:attachment":[{"href":"https:\/\/zvb-obertshausen.de\/start\/wp-json\/wp\/v2\/media?parent=4368"}],"curies":[{"name":"wp","href":"https:\/\/api.w.org\/{rel}","templated":true}]}}