{"id":2270,"date":"2024-09-19T19:39:42","date_gmt":"2024-09-19T19:39:42","guid":{"rendered":"http:\/\/wordpress.zvb-obertshausen.de\/start\/?page_id=2270"},"modified":"2024-09-21T19:10:53","modified_gmt":"2024-09-21T19:10:53","slug":"lehrgangsbedingungen","status":"publish","type":"page","link":"https:\/\/zvb-obertshausen.de\/start\/lehrgangsbedingungen\/","title":{"rendered":"Lehrgangsbedingungen"},"content":{"rendered":"\t\t<div data-elementor-type=\"wp-page\" data-elementor-id=\"2270\" class=\"elementor elementor-2270\">\n\t\t\t\t\t\t<section class=\"elementor-section elementor-top-section elementor-element elementor-element-17a348bb elementor-section-boxed elementor-section-height-default elementor-section-height-default\" data-id=\"17a348bb\" data-element_type=\"section\" data-e-type=\"section\" data-settings=\"{&quot;background_background&quot;:&quot;classic&quot;}\">\n\t\t\t\t\t\t\t<div class=\"elementor-background-overlay\"><\/div>\n\t\t\t\t\t\t\t<div class=\"elementor-container elementor-column-gap-no\">\n\t\t\t\t\t<div class=\"elementor-column elementor-col-100 elementor-top-column elementor-element elementor-element-50f5f672\" data-id=\"50f5f672\" data-element_type=\"column\" data-e-type=\"column\">\n\t\t\t<div class=\"elementor-widget-wrap elementor-element-populated\">\n\t\t\t\t\t\t<div class=\"elementor-element elementor-element-127bd0dc elementor-widget elementor-widget-heading\" data-id=\"127bd0dc\" data-element_type=\"widget\" data-e-type=\"widget\" data-widget_type=\"heading.default\">\n\t\t\t\t<div class=\"elementor-widget-container\">\n\t\t\t\t\t<h1 class=\"elementor-heading-title elementor-size-default\">Lehrg\u00e4nge<\/h1>\t\t\t\t<\/div>\n\t\t\t\t<\/div>\n\t\t\t\t<div class=\"elementor-element elementor-element-15c5f722 elementor-widget elementor-widget-text-editor\" data-id=\"15c5f722\" data-element_type=\"widget\" data-e-type=\"widget\" data-widget_type=\"text-editor.default\">\n\t\t\t\t<div class=\"elementor-widget-container\">\n\t\t\t\t\t\t\t\t\t<p>PC-Lehrg\u00e4nge | 10-Finger-Tastschreiben | Fit am Smartphone | Stenografie<\/p>\t\t\t\t\t\t\t\t<\/div>\n\t\t\t\t<\/div>\n\t\t\t\t\t<\/div>\n\t\t<\/div>\n\t\t\t\t\t<\/div>\n\t\t<\/section>\n\t\t\t\t<section class=\"elementor-section elementor-top-section elementor-element elementor-element-4262c394 elementor-section-boxed elementor-section-height-default elementor-section-height-default\" data-id=\"4262c394\" data-element_type=\"section\" data-e-type=\"section\">\n\t\t\t\t\t\t\t<div class=\"elementor-background-overlay\"><\/div>\n\t\t\t\t\t\t\t<div class=\"elementor-container elementor-column-gap-no\">\n\t\t\t\t\t<div class=\"elementor-column elementor-col-100 elementor-top-column elementor-element elementor-element-442b0957\" data-id=\"442b0957\" data-element_type=\"column\" data-e-type=\"column\">\n\t\t\t<div class=\"elementor-widget-wrap elementor-element-populated\">\n\t\t\t\t\t\t<div class=\"elementor-element elementor-element-6f9b4bbd elementor-widget-divider--view-line elementor-widget elementor-widget-divider\" data-id=\"6f9b4bbd\" data-element_type=\"widget\" data-e-type=\"widget\" data-widget_type=\"divider.default\">\n\t\t\t\t<div class=\"elementor-widget-container\">\n\t\t\t\t\t\t\t<div class=\"elementor-divider\">\n\t\t\t<span class=\"elementor-divider-separator\">\n\t\t\t\t\t\t<\/span>\n\t\t<\/div>\n\t\t\t\t\t\t<\/div>\n\t\t\t\t<\/div>\n\t\t\t\t<div class=\"elementor-element elementor-element-4deacd2f elementor-widget elementor-widget-heading\" data-id=\"4deacd2f\" data-element_type=\"widget\" data-e-type=\"widget\" data-widget_type=\"heading.default\">\n\t\t\t\t<div class=\"elementor-widget-container\">\n\t\t\t\t\t<h2 class=\"elementor-heading-title elementor-size-default\">ZVB Lehrgangsbedingungen (AGB's)<\/h2>\t\t\t\t<\/div>\n\t\t\t\t<\/div>\n\t\t\t\t\t<\/div>\n\t\t<\/div>\n\t\t\t\t\t<\/div>\n\t\t<\/section>\n\t\t\t\t<section class=\"elementor-section elementor-top-section elementor-element elementor-element-5ffb083 elementor-section-boxed elementor-section-height-default elementor-section-height-default\" data-id=\"5ffb083\" data-element_type=\"section\" data-e-type=\"section\">\n\t\t\t\t\t\t<div class=\"elementor-container elementor-column-gap-default\">\n\t\t\t\t\t<div class=\"elementor-column elementor-col-100 elementor-top-column elementor-element elementor-element-7df84af\" data-id=\"7df84af\" data-element_type=\"column\" data-e-type=\"column\">\n\t\t\t<div class=\"elementor-widget-wrap\">\n\t\t\t\t\t\t\t<\/div>\n\t\t<\/div>\n\t\t\t\t\t<\/div>\n\t\t<\/section>\n\t\t\t\t<section class=\"elementor-section elementor-top-section elementor-element elementor-element-59fcacba elementor-section-boxed elementor-section-height-default elementor-section-height-default\" data-id=\"59fcacba\" data-element_type=\"section\" data-e-type=\"section\">\n\t\t\t\t\t\t<div class=\"elementor-container elementor-column-gap-no\">\n\t\t\t\t\t<div class=\"elementor-column elementor-col-100 elementor-top-column elementor-element elementor-element-7f01c7d6\" data-id=\"7f01c7d6\" data-element_type=\"column\" data-e-type=\"column\">\n\t\t\t<div class=\"elementor-widget-wrap elementor-element-populated\">\n\t\t\t\t\t\t<section class=\"elementor-section elementor-inner-section elementor-element elementor-element-ce05a5c elementor-section-boxed elementor-section-height-default elementor-section-height-default\" data-id=\"ce05a5c\" data-element_type=\"section\" data-e-type=\"section\">\n\t\t\t\t\t\t<div class=\"elementor-container elementor-column-gap-no\">\n\t\t\t\t\t<div class=\"elementor-column elementor-col-100 elementor-inner-column elementor-element elementor-element-1c53a0e\" data-id=\"1c53a0e\" data-element_type=\"column\" data-e-type=\"column\">\n\t\t\t<div class=\"elementor-widget-wrap elementor-element-populated\">\n\t\t\t\t\t\t<div class=\"elementor-element elementor-element-ae40503 elementor-widget elementor-widget-text-editor\" data-id=\"ae40503\" data-element_type=\"widget\" data-e-type=\"widget\" data-widget_type=\"text-editor.default\">\n\t\t\t\t<div class=\"elementor-widget-container\">\n\t\t\t\t\t\t\t\t\t<p>Der ZVB Obertshausen 1964 e. V. \u2013 Zentralverein f\u00fcr B\u00fcrowirtschaft, Informationsverarbeitung, Kurzschrift und Tastschreiben, Gesch\u00e4ftsstelle Fr\u00f6belstra\u00dfe 12, 63179 Obertshausen, bietet Kurse in Kurzschrift, Tastaturschreiben (Maschinenschreiben), Internet, Office- und andere Programme am PC, Bewerbungsseminare u. \u00e4. an.<\/p><p>Die Lehrg\u00e4nge finden \u00fcberwiegend in der Georg-Kerschensteiner-Schule (GKS) \u2013 Berufs-, Berufsfachschule und Berufliches Gymnasium (Wirtschaft und Hauswirtschaft), Georg-Kerschensteiner-Stra\u00dfe 2, statt. Bei entsprechender Vorbildung ist es jederzeit m\u00f6glich, in laufende Kurse einzutreten.<\/p><p><b>In den Ferien und an Feiertagen oder \u00e4hnl., findet kein Unterricht statt.<\/b><\/p><p>Bitte finden Sie sich zum ersten Veranstaltungstermin ein, wie er mit Ort, Tag und Zeit aus- geschrieben ist. Nach erfolgreichem und regelm\u00e4\u00dfigem Besuch unserer Lehrg\u00e4nge erhalten Sie auf Wunsch eine Teilnahmebescheinigung.<\/p><p>Leistungsurkunden k\u00f6nnen Sie durch Teilnahme an Wettbewerben auf Vereins-, Verbands- oder Bundesebene erwerben. In der Textverarbeitung k\u00f6nnen Sie sich einer Pr\u00fcfung unterziehen: Texterfassung bzw. Gesch\u00e4ftsbrief nach DIN 5008 und Textbearbeitung (Autorenkorrektur).<\/p><p><b>1. Anmeldung:<\/b><\/p><p>Lehrgangsanmeldungen, gleich welcher Art (telefonisch, m\u00fcndlich, E-Mail, ZVB-Homepage, Fax etc.) sind verbindlich. Mit der Anmeldung werden diese Allgemeinen Lehrgangsbedingungen akzeptiert und anerkannt. Es entsteht die Pflicht, den vollen Lehrgangsbeitrag zu zahlen. Eine zus\u00e4tzliche Lehrgangsanmeldung ist bei Lehrgangsbeginn auszuf\u00fcllen und dem jeweiligen Dozenten abzugeben.<\/p><p>Nach Anmeldung f\u00fchren wir den Lehrgangsteilnehmer als Vereinsmitglied bis zum Ende des Lehrganges. Eine K\u00fcndigung der Mitgliedschaft ist nicht notwendig. Sollten sp\u00e4ter weitere Lehrg\u00e4nge belegt werden, ist f\u00fcr jeden Lehrgang eine neue Anmeldung erforderlich. Mit dieser Anmeldung unterwirft sich der Teilnehmer der entsprechenden Haus- bzw. Lehrgangsordnung. Den Anweisungen der Dozenten ist Folge zu leisten.<\/p><p><b>2. Lehrgangsbeitr\u00e4ge und Bezahlung:<\/b><\/p><p>Die Lehrgangsbeitr\u00e4ge sind bei Beginn des Lehrganges entweder in BAR zu zahlen oder innerhalb der ersten zwei Unterrichtstage bargeldlos auf das Konto bei der<\/p><pre>Sparkasse Langen-Seligenstadt <br \/>IBAN: DE16 5065 2124 0014 1173 11<br \/>BIC HELADEF1SLS<\/pre><p>mit Angabe der jeweiligen Lehrgangsnummer und des eigenen Namens zu entrichten. Zahlungen bitte nicht vor Lehrgangsbeginn, auch keine Zahlungen an die Volkshochschule (VHS) Obertshausen.<\/p><p><b>3. Lehrgangsabmeldung\/R\u00fcckzug von der Anmeldung:<\/b><\/p><p>Eine K\u00fcndigung\/ein R\u00fcckzug von der bereits get\u00e4tigten Anmeldung kann nur bis eine Woche vor Lehrgangsbeginn in schriftlicher Form an die ZVB-Gesch\u00e4ftsstelle unter Angabe von dringlichen Gr\u00fcnden (z. B. nachgewiesener Krankheit) erfolgen, ansonsten ist der Lehrgangsbeitrag in\u00a0<b>vollst\u00e4ndiger H\u00f6he zu begleichen,\u00a0<\/b>unabh\u00e4ngig davon, ob der Lehrgang begonnen bzw. nicht begonnen oder nach Beginn abgebrochen wurde. Abmeldungen beim jeweiligen Dozenten haben keine G\u00fcltigkeit. R\u00fcckzahlungen bei Abmeldung eines Teilnehmers sind nicht m\u00f6glich.<\/p><p><b>4. Lehrgangsgeb\u00fchrenerstattung bzw. Gutschrift:<\/b><\/p><p>a)\u00a0 in voller H\u00f6he, wenn eine Veranstaltung seitens des ZVB vor Lehrgangsbeginn abgesagt wird,<\/p><p>b) anteilig von noch nicht stattgefundenen Unterrichtsstunden, wenn ein Lehrgang seitens des ZVB\u00a0im Laufe des Lehrgangs abgesagt wird und keine Nachholtermine vereinbart werden (keine Erstattung entstandener Kosten von Arbeitsmaterialien u. \u00e4.),<\/p><p>c)\u00a0\u00a0in voller H\u00f6he, wenn sich der Teilnehmer bis sp\u00e4testens eine Woche vor Lehrgangsbeginn (siehe Punkt\u00a03) schriftlich aus dringlichen Gr\u00fcnden in der ZVB-Gesch\u00e4ftsstelle abgemeldet hat,<\/p><p>d)\u00a0 sollte ein Lehrgang aus Krankheitsgr\u00fcnden nicht weiter besucht werden k\u00f6nnen, besteht nur die M\u00f6glichkeit, die ausgefallenen Stunden bei einem Nachfolgelehrgang nachzuholen, sofern ein solcher angeboten und auch stattfinden wird. Eine Beitragsr\u00fcckzahlung ist nicht m\u00f6glich.<\/p><p>Kann der Teilnehmer aus anderen Gr\u00fcnden an einem Lehrgang nicht teilnehmen, besteht kein Rechtsanspruch auf R\u00fcckerstattung des Lehrgangsbeitrages.<\/p><p><b>5. Termin- und Programm\u00e4nderungen:<\/b><\/p><p>Termin- und Programm\u00e4nderungen sind nicht immer zu vermeiden und vorbehalten.<\/p><p><b>6. Mindest-Teilnehmerzahlen:<\/b><\/p><p>Die Mindest-Teilnehmerzahlen betragen f\u00fcr den Sch\u00fcler-Tastschreiblehrgang 12, f\u00fcr die anderen Tastschreiblehrg\u00e4nge 8 und bei allen weiteren Lehrg\u00e4ngen jeweils 6 Personen. Sollte ein Lehrgang nicht \u00fcber die Mindestteilnehmerzahl verf\u00fcgen, kann der Lehrgang starten, wenn die Teilnehmer- beitr\u00e4ge entsprechend erh\u00f6ht werden.<\/p><p><b>7. Datenschutz:<\/b><\/p><p>Die Verarbeitung der Daten erfolgt nur zum Zweck der Erbringung von Vertragsleistungen im Rahmen des Kursbetriebes. Die Speicherung erfolgt auf Grundlage unserer berechtigten Interessen, als auch der Nutzer an Schutz vor Missbrauch und sonstiger unbefugter Nutzung. Eine Weitergabe dieser Daten an Dritte erfolgt grunds\u00e4tzlich nicht, au\u00dfer sie ist zur Verfolgung unserer Anspr\u00fcche erforderlich oder es besteht hierzu eine gesetzliche Verpflichtung gem. Art. 6 Abs. 1 lit. c DSGVO.<\/p><p>Die L\u00f6schung erfolgt nach Ablauf gesetzlicher Gew\u00e4hrleistungs- und vergleichbarer Pflichten. Mehr dazu in der\u00a0ZVB-Datenschutzerkl\u00e4rung.<\/p><p><b>8. Haftung der Lehrgangsteilnehmer:<\/b><\/p><p>Lehrgangsteilnehmer haben f\u00fcr alle Arten von Versicherungsschutz selbst zu sorgen. Die Haftung des ZVB Obertshausen f\u00fcr Sch\u00e4den jeglicher Art, gleich aus welchem Rechtsgrund sie entstehen<i>, ist lediglich auf die F\u00e4lle beschr\u00e4nkt, in denen der ZVB vors\u00e4tzlich oder grobfahrl\u00e4ssig gehandelt hat.<\/i><\/p><p>Manipulationen an Hard- und Software d\u00fcrfen an den PCs nicht vorgenommen werden. F\u00fcr Besch\u00e4digungen an den Computern haftet der jeweilige Verursacher. Wird den Anweisungen des Dozenten nicht Folge geleistet und\/oder st\u00f6rt der Lehrgangsteilnehmer laufend den Lehrgang, kann er von diesem ausgeschlossen werden.<\/p>\t\t\t\t\t\t\t\t<\/div>\n\t\t\t\t<\/div>\n\t\t\t\t\t<\/div>\n\t\t<\/div>\n\t\t\t\t\t<\/div>\n\t\t<\/section>\n\t\t\t\t\t<\/div>\n\t\t<\/div>\n\t\t\t\t\t<\/div>\n\t\t<\/section>\n\t\t\t\t<section class=\"elementor-section elementor-top-section elementor-element elementor-element-4e7c89f elementor-section-boxed elementor-section-height-default elementor-section-height-default\" data-id=\"4e7c89f\" data-element_type=\"section\" data-e-type=\"section\">\n\t\t\t\t\t\t<div class=\"elementor-container elementor-column-gap-default\">\n\t\t\t\t\t<div class=\"elementor-column elementor-col-100 elementor-top-column elementor-element elementor-element-61478ff\" data-id=\"61478ff\" data-element_type=\"column\" data-e-type=\"column\">\n\t\t\t<div class=\"elementor-widget-wrap elementor-element-populated\">\n\t\t\t\t\t\t\t<\/div>\n\t\t<\/div>\n\t\t\t\t\t<\/div>\n\t\t<\/section>\n\t\t\t\t<section class=\"elementor-section elementor-top-section elementor-element elementor-element-5fed16c7 elementor-section-boxed elementor-section-height-default elementor-section-height-default\" data-id=\"5fed16c7\" data-element_type=\"section\" data-e-type=\"section\">\n\t\t\t\t\t\t\t<div class=\"elementor-background-overlay\"><\/div>\n\t\t\t\t\t\t\t<div class=\"elementor-container elementor-column-gap-no\">\n\t\t\t\t\t<div class=\"elementor-column elementor-col-50 elementor-top-column elementor-element elementor-element-26a09235\" data-id=\"26a09235\" data-element_type=\"column\" data-e-type=\"column\">\n\t\t\t<div class=\"elementor-widget-wrap elementor-element-populated\">\n\t\t\t\t\t\t<div class=\"elementor-element elementor-element-7a201ba0 elementor-widget-divider--view-line elementor-widget elementor-widget-divider\" data-id=\"7a201ba0\" data-element_type=\"widget\" data-e-type=\"widget\" data-widget_type=\"divider.default\">\n\t\t\t\t<div class=\"elementor-widget-container\">\n\t\t\t\t\t\t\t<div class=\"elementor-divider\">\n\t\t\t<span class=\"elementor-divider-separator\">\n\t\t\t\t\t\t<\/span>\n\t\t<\/div>\n\t\t\t\t\t\t<\/div>\n\t\t\t\t<\/div>\n\t\t\t\t<div class=\"elementor-element elementor-element-47ce6e15 elementor-widget__width-initial elementor-widget elementor-widget-heading\" data-id=\"47ce6e15\" data-element_type=\"widget\" data-e-type=\"widget\" data-widget_type=\"heading.default\">\n\t\t\t\t<div class=\"elementor-widget-container\">\n\t\t\t\t\t<h2 class=\"elementor-heading-title elementor-size-default\">Allgemeine Informationen<\/h2>\t\t\t\t<\/div>\n\t\t\t\t<\/div>\n\t\t\t\t<div class=\"elementor-element elementor-element-3b883148 elementor-widget elementor-widget-text-editor\" data-id=\"3b883148\" data-element_type=\"widget\" data-e-type=\"widget\" data-widget_type=\"text-editor.default\">\n\t\t\t\t<div class=\"elementor-widget-container\">\n\t\t\t\t\t\t\t\t\t<p>Bitte beachten Sie unsere allgemeinen ZVB-Lehrgangsbedingungen (AGB&#8217;s)<\/p>\t\t\t\t\t\t\t\t<\/div>\n\t\t\t\t<\/div>\n\t\t\t\t<div class=\"elementor-element elementor-element-76079c24 elementor-align-left elementor-widget elementor-widget-button\" data-id=\"76079c24\" data-element_type=\"widget\" data-e-type=\"widget\" data-widget_type=\"button.default\">\n\t\t\t\t<div class=\"elementor-widget-container\">\n\t\t\t\t\t\t\t\t\t<div class=\"elementor-button-wrapper\">\n\t\t\t\t\t<a class=\"elementor-button elementor-button-link elementor-size-sm\" href=\"https:\/\/zvb-obertshausen.de\/wp-content\/uploads\/2024\/09\/2024-02_ZVB-Kursprogramm-Lehrgangsbedingungen.pdf\">\n\t\t\t\t\t\t<span class=\"elementor-button-content-wrapper\">\n\t\t\t\t\t\t<span class=\"elementor-button-icon\">\n\t\t\t\t<svg xmlns=\"http:\/\/www.w3.org\/2000\/svg\" viewBox=\"0 0 2048 2048\"><path d=\"M6.125 1088h1797.89l-402.976 403 89.994 90L2048 1024l-556.966-557-89.994 90 402.976 403H6.125v128z\"><\/path><\/svg>\t\t\t<\/span>\n\t\t\t\t\t\t\t\t\t<span class=\"elementor-button-text\">Download der Lehrgangsbedingungen<\/span>\n\t\t\t\t\t<\/span>\n\t\t\t\t\t<\/a>\n\t\t\t\t<\/div>\n\t\t\t\t\t\t\t\t<\/div>\n\t\t\t\t<\/div>\n\t\t\t\t\t<\/div>\n\t\t<\/div>\n\t\t\t\t<div class=\"elementor-column elementor-col-50 elementor-top-column elementor-element elementor-element-292edc03\" data-id=\"292edc03\" data-element_type=\"column\" data-e-type=\"column\">\n\t\t\t<div class=\"elementor-widget-wrap elementor-element-populated\">\n\t\t\t\t\t\t<div class=\"elementor-element elementor-element-478bf340 elementor-position-left elementor-vertical-align-top elementor-widget elementor-widget-image-box\" data-id=\"478bf340\" data-element_type=\"widget\" data-e-type=\"widget\" data-widget_type=\"image-box.default\">\n\t\t\t\t<div class=\"elementor-widget-container\">\n\t\t\t\t\t<div class=\"elementor-image-box-wrapper\"><figure class=\"elementor-image-box-img\"><img decoding=\"async\" width=\"112\" height=\"112\" src=\"https:\/\/zvb-obertshausen.de\/wp-content\/uploads\/2021\/02\/digital-marketing-coach-template-blog-post-img-thumb-1.jpg\" class=\"attachment-full size-full wp-image-204\" alt=\"\" \/><\/figure><div class=\"elementor-image-box-content\"><h4 class=\"elementor-image-box-title\">Wo finden die Lehrg\u00e4nge statt?<\/h4><p class=\"elementor-image-box-description\">Fast alle Kurse finden in der \nGeorg-Kerschensteiner-Schule (GKS) in Obertshausen statt. Falls Sie sich nicht sicher sind, wo Ihr Lehrgang statt findet, schreiben Sie uns gerne eine E-Mail.<p><span style=\"font-style: inherit;font-weight: inherit;background-color: var(--ast-global-color-4);color: var(--ast-global-color-3)\"><\/span><\/p><\/p><\/div><\/div>\t\t\t\t<\/div>\n\t\t\t\t<\/div>\n\t\t\t\t<div class=\"elementor-element elementor-element-7a7e86e elementor-position-left elementor-vertical-align-top elementor-widget elementor-widget-image-box\" data-id=\"7a7e86e\" data-element_type=\"widget\" data-e-type=\"widget\" data-widget_type=\"image-box.default\">\n\t\t\t\t<div class=\"elementor-widget-container\">\n\t\t\t\t\t<div class=\"elementor-image-box-wrapper\"><figure class=\"elementor-image-box-img\"><img decoding=\"async\" width=\"112\" height=\"112\" src=\"https:\/\/zvb-obertshausen.de\/wp-content\/uploads\/2021\/02\/digital-marketing-coach-template-blog-post-img-thumb-2.jpg\" class=\"attachment-full size-full wp-image-205\" alt=\"\" \/><\/figure><div class=\"elementor-image-box-content\"><h4 class=\"elementor-image-box-title\">Wie kann ich mich anmelden?<\/h4><p class=\"elementor-image-box-description\">Telefonisch, per E-Mail oder auf der Homepage. <span>anmeldung@zvb-obertshausen.de<\/span><br><span>06104 7688820<\/span><br><br>Ein R\u00fcckzug von einer get\u00e4tigten Anmeldung kann bis 1 Woche vor Lehrgangsbeginn in schriftlicher Form an die ZVB-Gesch\u00e4ftsstelle unter Angabe dringlicher Gr\u00fcnde erfolgen. <\/p><\/div><\/div>\t\t\t\t<\/div>\n\t\t\t\t<\/div>\n\t\t\t\t<div class=\"elementor-element elementor-element-ebd78ca elementor-position-left elementor-vertical-align-top elementor-widget elementor-widget-image-box\" data-id=\"ebd78ca\" data-element_type=\"widget\" data-e-type=\"widget\" data-widget_type=\"image-box.default\">\n\t\t\t\t<div class=\"elementor-widget-container\">\n\t\t\t\t\t<div class=\"elementor-image-box-wrapper\"><figure class=\"elementor-image-box-img\"><img decoding=\"async\" width=\"112\" height=\"112\" src=\"https:\/\/zvb-obertshausen.de\/wp-content\/uploads\/2021\/02\/digital-marketing-coach-template-blog-post-img-thumb-3.jpg\" class=\"attachment-full size-full wp-image-197\" alt=\"\" \/><\/figure><div class=\"elementor-image-box-content\"><h4 class=\"elementor-image-box-title\">Teilnahmebescheinigungen<\/h4><p class=\"elementor-image-box-description\">Nach dem erfolgreichen Besuch unserer Lehrg\u00e4nge erhalten Sie auf Wunsch eine Teilnahmebest\u00e4tigung.<\/p><\/div><\/div>\t\t\t\t<\/div>\n\t\t\t\t<\/div>\n\t\t\t\t\t<\/div>\n\t\t<\/div>\n\t\t\t\t\t<\/div>\n\t\t<\/section>\n\t\t\t\t<section class=\"elementor-section elementor-top-section elementor-element elementor-element-8115ae0 elementor-section-boxed elementor-section-height-default elementor-section-height-default\" data-id=\"8115ae0\" data-element_type=\"section\" data-e-type=\"section\">\n\t\t\t\t\t\t<div class=\"elementor-container elementor-column-gap-default\">\n\t\t\t\t\t<div class=\"elementor-column elementor-col-100 elementor-top-column elementor-element elementor-element-cd9360d\" data-id=\"cd9360d\" data-element_type=\"column\" data-e-type=\"column\">\n\t\t\t<div class=\"elementor-widget-wrap\">\n\t\t\t\t\t\t\t<\/div>\n\t\t<\/div>\n\t\t\t\t\t<\/div>\n\t\t<\/section>\n\t\t\t\t<\/div>\n\t\t","protected":false},"excerpt":{"rendered":"<p>Lehrg\u00e4nge PC-Lehrg\u00e4nge | 10-Finger-Tastschreiben | Fit am Smartphone | Stenografie ZVB Lehrgangsbedingungen (AGB&#8217;s) Der ZVB Obertshausen 1964 e. V. \u2013 Zentralverein f\u00fcr B\u00fcrowirtschaft, Informationsverarbeitung, Kurzschrift und Tastschreiben, Gesch\u00e4ftsstelle Fr\u00f6belstra\u00dfe 12, 63179 Obertshausen, bietet Kurse in Kurzschrift, Tastaturschreiben (Maschinenschreiben), Internet, Office- und andere Programme am PC, Bewerbungsseminare u. \u00e4. an. Die Lehrg\u00e4nge finden \u00fcberwiegend in der [&hellip;]<\/p>\n","protected":false},"author":1,"featured_media":0,"parent":0,"menu_order":0,"comment_status":"closed","ping_status":"closed","template":"","meta":{"_uag_custom_page_level_css":"","site-sidebar-layout":"no-sidebar","site-content-layout":"page-builder","ast-site-content-layout":"full-width-container","site-content-style":"unboxed","site-sidebar-style":"unboxed","ast-global-header-display":"","ast-banner-title-visibility":"","ast-main-header-display":"","ast-hfb-above-header-display":"","ast-hfb-below-header-display":"","ast-hfb-mobile-header-display":"","site-post-title":"disabled","ast-breadcrumbs-content":"","ast-featured-img":"disabled","footer-sml-layout":"","ast-disable-related-posts":"","theme-transparent-header-meta":"","adv-header-id-meta":"","stick-header-meta":"","header-above-stick-meta":"","header-main-stick-meta":"","header-below-stick-meta":"","astra-migrate-meta-layouts":"set","ast-page-background-enabled":"default","ast-page-background-meta":{"desktop":{"background-color":"","background-image":"","background-repeat":"repeat","background-position":"center center","background-size":"auto","background-attachment":"scroll","background-type":"","background-media":"","overlay-type":"","overlay-color":"","overlay-opacity":"","overlay-gradient":""},"tablet":{"background-color":"","background-image":"","background-repeat":"repeat","background-position":"center center","background-size":"auto","background-attachment":"scroll","background-type":"","background-media":"","overlay-type":"","overlay-color":"","overlay-opacity":"","overlay-gradient":""},"mobile":{"background-color":"","background-image":"","background-repeat":"repeat","background-position":"center center","background-size":"auto","background-attachment":"scroll","background-type":"","background-media":"","overlay-type":"","overlay-color":"","overlay-opacity":"","overlay-gradient":""}},"ast-content-background-meta":{"desktop":{"background-color":"var(--ast-global-color-5)","background-image":"","background-repeat":"repeat","background-position":"center center","background-size":"auto","background-attachment":"scroll","background-type":"","background-media":"","overlay-type":"","overlay-color":"","overlay-opacity":"","overlay-gradient":""},"tablet":{"background-color":"var(--ast-global-color-5)","background-image":"","background-repeat":"repeat","background-position":"center center","background-size":"auto","background-attachment":"scroll","background-type":"","background-media":"","overlay-type":"","overlay-color":"","overlay-opacity":"","overlay-gradient":""},"mobile":{"background-color":"var(--ast-global-color-5)","background-image":"","background-repeat":"repeat","background-position":"center center","background-size":"auto","background-attachment":"scroll","background-type":"","background-media":"","overlay-type":"","overlay-color":"","overlay-opacity":"","overlay-gradient":""}},"footnotes":""},"class_list":["post-2270","page","type-page","status-publish","hentry"],"uagb_featured_image_src":{"full":false,"thumbnail":false,"medium":false,"medium_large":false,"large":false,"1536x1536":false,"2048x2048":false,"slider-bg":false,"card-grid":false,"card-list":false},"uagb_author_info":{"display_name":"admin","author_link":"https:\/\/zvb-obertshausen.de\/start\/author\/admin\/"},"uagb_comment_info":0,"uagb_excerpt":"Lehrg\u00e4nge PC-Lehrg\u00e4nge | 10-Finger-Tastschreiben | Fit am Smartphone | Stenografie ZVB Lehrgangsbedingungen (AGB&#8217;s) Der ZVB Obertshausen 1964 e. V. \u2013 Zentralverein f\u00fcr B\u00fcrowirtschaft, Informationsverarbeitung, Kurzschrift und Tastschreiben, Gesch\u00e4ftsstelle Fr\u00f6belstra\u00dfe 12, 63179 Obertshausen, bietet Kurse in Kurzschrift, Tastaturschreiben (Maschinenschreiben), Internet, Office- und andere Programme am PC, Bewerbungsseminare u. \u00e4. an. Die Lehrg\u00e4nge finden \u00fcberwiegend in der&hellip;","_links":{"self":[{"href":"https:\/\/zvb-obertshausen.de\/start\/wp-json\/wp\/v2\/pages\/2270","targetHints":{"allow":["GET"]}}],"collection":[{"href":"https:\/\/zvb-obertshausen.de\/start\/wp-json\/wp\/v2\/pages"}],"about":[{"href":"https:\/\/zvb-obertshausen.de\/start\/wp-json\/wp\/v2\/types\/page"}],"author":[{"embeddable":true,"href":"https:\/\/zvb-obertshausen.de\/start\/wp-json\/wp\/v2\/users\/1"}],"replies":[{"embeddable":true,"href":"https:\/\/zvb-obertshausen.de\/start\/wp-json\/wp\/v2\/comments?post=2270"}],"version-history":[{"count":13,"href":"https:\/\/zvb-obertshausen.de\/start\/wp-json\/wp\/v2\/pages\/2270\/revisions"}],"predecessor-version":[{"id":2921,"href":"https:\/\/zvb-obertshausen.de\/start\/wp-json\/wp\/v2\/pages\/2270\/revisions\/2921"}],"wp:attachment":[{"href":"https:\/\/zvb-obertshausen.de\/start\/wp-json\/wp\/v2\/media?parent=2270"}],"curies":[{"name":"wp","href":"https:\/\/api.w.org\/{rel}","templated":true}]}}